{"id":577,"date":"2021-12-08T14:05:49","date_gmt":"2021-12-08T13:05:49","guid":{"rendered":"https:\/\/hoteldugolfe.com\/page-d-exemple\/"},"modified":"2024-12-04T08:38:13","modified_gmt":"2024-12-04T07:38:13","slug":"page-d-exemple","status":"publish","type":"page","link":"https:\/\/hoteldugolfe.com\/en\/","title":{"rendered":"Home Page"},"content":{"rendered":"<div class=\"wpb-content-wrapper\"><p>[vc_row full_width=&#8221;stretch_row_content&#8221;][vc_column]<div class=\"ult-spacer spacer-69e2f9a36607d\" data-id=\"69e2f9a36607d\" data-height=\"40\" data-height-mobile=\"40\" data-height-tab=\"40\" data-height-tab-portrait=\"\" data-height-mobile-landscape=\"\" style=\"clear:both;display:block;\"><\/div>[vc_custom_heading text=&#8221;The benefits of booking<br \/>\nonline on our website&#8230;&#8221; font_container=&#8221;tag:h3|text_align:center|color:%238d6c1b&#8221; use_theme_fonts=&#8221;yes&#8221;]<div class=\"ult-spacer spacer-69e2f9a3660b1\" data-id=\"69e2f9a3660b1\" data-height=\"40\" data-height-mobile=\"40\" data-height-tab=\"40\" data-height-tab-portrait=\"\" data-height-mobile-landscape=\"\" style=\"clear:both;display:block;\"><\/div>[vc_row_inner][vc_column_inner width=&#8221;1\/5&#8243;][vc_cta h2=&#8221;&#8221; txt_align=&#8221;center&#8221; shape=&#8221;round&#8221; style=&#8221;custom&#8221; custom_background=&#8221;#87987f&#8221; custom_text=&#8221;#ffffff&#8221;]<\/p>\n<p style=\"color: #ffffff; text-align: center;\">More flexible conditions<\/p>\n<p>[\/vc_cta][\/vc_column_inner][vc_column_inner width=&#8221;1\/5&#8243;][vc_cta h2=&#8221;&#8221; txt_align=&#8221;center&#8221; shape=&#8221;round&#8221; style=&#8221;custom&#8221; custom_background=&#8221;#caa294&#8243; custom_text=&#8221;#ffffff&#8221;]<\/p>\n<p style=\"text-align: center; color: #ffffff;\">Get always the best price on the website<\/p>\n<p>[\/vc_cta][\/vc_column_inner][vc_column_inner width=&#8221;1\/5&#8243;][vc_cta h2=&#8221;&#8221; txt_align=&#8221;center&#8221; shape=&#8221;round&#8221; style=&#8221;custom&#8221; custom_background=&#8221;#87987f&#8221; custom_text=&#8221;#ffffff&#8221;]<\/p>\n<p style=\"color: #ffffff; text-align: center;\">15% discount on buffet breakfast<\/p>\n<p>[\/vc_cta][\/vc_column_inner][vc_column_inner width=&#8221;1\/5&#8243;][vc_cta h2=&#8221;&#8221; txt_align=&#8221;center&#8221; shape=&#8221;round&#8221; style=&#8221;custom&#8221; custom_background=&#8221;#caa294&#8243; custom_text=&#8221;#ffffff&#8221;]<\/p>\n<p style=\"color: #ffffff; text-align: center;\">A glass of Corsican muscat wine offered per person<\/p>\n<p>[\/vc_cta][\/vc_column_inner][vc_column_inner width=&#8221;1\/5&#8243;][vc_cta h2=&#8221;&#8221; txt_align=&#8221;center&#8221; shape=&#8221;round&#8221; style=&#8221;custom&#8221; css=&#8221;&#8221; custom_background=&#8221;#87987f&#8221; custom_text=&#8221;#ffffff&#8221;]<\/p>\n<p style=\"color: #ffffff; text-align: center;\">20% discount on the parking space in front of the hotel<\/p>\n<p>[\/vc_cta][\/vc_column_inner][\/vc_row_inner]<div class=\"ult-spacer spacer-69e2f9a3660cd\" data-id=\"69e2f9a3660cd\" data-height=\"40\" data-height-mobile=\"40\" data-height-tab=\"40\" data-height-tab-portrait=\"\" data-height-mobile-landscape=\"\" style=\"clear:both;display:block;\"><\/div>[\/vc_column][\/vc_row][vc_row][vc_column][vc_custom_heading text=&#8221;The majority of our rooms<br \/>\nhave a view over the Gulf of Ajaccio, discover&#8230;&#8221; font_container=&#8221;tag:h3|text_align:center|color:%238d6c1b&#8221; use_theme_fonts=&#8221;yes&#8221;]<div class=\"ult-spacer spacer-69e2f9a3660e6\" data-id=\"69e2f9a3660e6\" data-height=\"40\" data-height-mobile=\"40\" data-height-tab=\"40\" data-height-tab-portrait=\"\" data-height-mobile-landscape=\"\" style=\"clear:both;display:block;\"><\/div>[\/vc_column][\/vc_row][vc_row full_width=&#8221;stretch_row_content&#8221; gap=&#8221;5&#8243;][vc_column width=&#8221;1\/4&#8243;][vc_custom_heading text=&#8221;Double sea view&#8221; font_container=&#8221;tag:h5|text_align:center|color:%238d6c1b&#8221; use_theme_fonts=&#8221;yes&#8221;][vc_single_image image=&#8221;189&#8243; img_size=&#8221;full&#8221; alignment=&#8221;center&#8221;][vc_column_text]<\/p>\n<p style=\"text-align: center;\">Occupancy 2 pax<\/p>\n<p style=\"text-align: center;\">15 sqm<\/p>\n<p style=\"text-align: center;\">Double bed 160cm<\/p>\n<p style=\"text-align: center;\">Sea view<\/p>\n<p>[\/vc_column_text][\/vc_column][vc_column width=&#8221;1\/4&#8243;][vc_custom_heading text=&#8221;Double sea view with balcony&#8221; font_container=&#8221;tag:h5|text_align:center|color:%238d6c1b&#8221; use_theme_fonts=&#8221;yes&#8221;][vc_single_image image=&#8221;652&#8243; img_size=&#8221;full&#8221; alignment=&#8221;center&#8221;][vc_column_text]<\/p>\n<p style=\"text-align: center;\">Occupancy 2 pax<\/p>\n<p style=\"text-align: center;\">15 sqm + Balcony<\/p>\n<p style=\"text-align: center;\">Double bed 160cm<\/p>\n<p style=\"text-align: center;\">Sea view<\/p>\n<p>[\/vc_column_text][\/vc_column][vc_column width=&#8221;1\/4&#8243;][vc_custom_heading text=&#8221;Double sea view with terrace&#8221; font_container=&#8221;tag:h5|text_align:center|color:%238d6c1b&#8221; use_theme_fonts=&#8221;yes&#8221;][vc_single_image image=&#8221;195&#8243; img_size=&#8221;full&#8221; alignment=&#8221;center&#8221;][vc_column_text]<\/p>\n<p style=\"text-align: center;\">Occupancy 2 pax<\/p>\n<p style=\"text-align: center;\">15 sqm with Terrace and High Floor<\/p>\n<p style=\"text-align: center;\">Double bed 160cm<\/p>\n<p style=\"text-align: center;\">Sea view<\/p>\n<p>[\/vc_column_text][\/vc_column][vc_column width=&#8221;1\/4&#8243;][vc_custom_heading text=&#8221;Double sea view and terrace top floor&#8221; font_container=&#8221;tag:h5|text_align:center|color:%238d6c1b&#8221; use_theme_fonts=&#8221;yes&#8221;][vc_single_image image=&#8221;192&#8243; img_size=&#8221;full&#8221; alignment=&#8221;center&#8221;][vc_column_text]<\/p>\n<p style=\"text-align: center;\">Occupancy 2 pax<\/p>\n<p style=\"text-align: center;\">18 sqm with Terrace and Top Floor<\/p>\n<p style=\"text-align: center;\">Double bed 160cm<\/p>\n<p style=\"text-align: center;\">Sea view<\/p>\n<p>[\/vc_column_text][\/vc_column][\/vc_row][vc_row][vc_column width=&#8221;1\/3&#8243;][vc_separator color=&#8221;custom&#8221; style=&#8221;shadow&#8221; border_width=&#8221;2&#8243; accent_color=&#8221;#87987f&#8221;][\/vc_column][vc_column width=&#8221;1\/3&#8243;]<style type=\"text\/css\" data-type=\"the7_shortcodes-inline-css\">#default-btn-bf134d65c1040e134f8a4e1f04f25037.ico-right-side > i {\n  margin-right: 0px;\n  margin-left: 8px;\n}\n#default-btn-bf134d65c1040e134f8a4e1f04f25037 > i {\n  margin-right: 8px;\n}\n<\/style><div class=\"btn-align-center\"><a href=\"https:\/\/hoteldugolfe.com\/en\/?post_type=popup&amp;p=927\" class=\"default-btn-shortcode dt-btn dt-btn-l link-hover-off Widget-resa \" target=\"_blank\" id=\"default-btn-bf134d65c1040e134f8a4e1f04f25037\" style=\"width:200px;\" title=\"Widget-resa\" rel=\"noopener\"><span>Book your stay<\/span><\/a><\/div>[\/vc_column][vc_column width=&#8221;1\/3&#8243;][vc_separator color=&#8221;custom&#8221; style=&#8221;shadow&#8221; border_width=&#8221;2&#8243; accent_color=&#8221;#87987f&#8221;][\/vc_column][\/vc_row][vc_row][vc_column]<div class=\"ult-spacer spacer-69e2f9a36621b\" data-id=\"69e2f9a36621b\" data-height=\"40\" data-height-mobile=\"40\" data-height-tab=\"40\" data-height-tab-portrait=\"\" data-height-mobile-landscape=\"\" style=\"clear:both;display:block;\"><\/div>[vc_custom_heading text=&#8221;L&#8217;h\u00f4tel du Golfe: in the heart of Ajaccio&#8217;s daily life&#8221; font_container=&#8221;tag:h3|text_align:center|color:%238d6c1b&#8221; use_theme_fonts=&#8221;yes&#8221;]<div class=\"ult-spacer spacer-69e2f9a366249\" data-id=\"69e2f9a366249\" data-height=\"100\" data-height-mobile=\"40\" data-height-tab=\"40\" data-height-tab-portrait=\"40\" data-height-mobile-landscape=\"40\" style=\"clear:both;display:block;\"><\/div>[vc_row_inner][vc_column_inner width=&#8221;1\/3&#8243; offset=&#8221;vc_hidden-lg&#8221;][\/vc_column_inner][vc_column_inner width=&#8221;1\/3&#8243; offset=&#8221;vc_hidden-lg&#8221;][vc_column_text]<\/p>\n<p style=\"text-align: justify;\">Au c\u0153ur du centre ville historique,\u00a0 juste en face du march\u00e9 d\u2019Ajaccio.<\/p>\n<p style=\"text-align: justify;\">L\u2019H\u00f4tel du Golfe vous offre un emplacement exceptionnel, vue mer sur le vieux port Tino Rossi. D\u00e9couvrez la ville \u00e0 pied avec le mus\u00e9e Fesch,<br \/>\nla maison Napol\u00e9on, la citadelle et \u00e0 2 min de la plage de Saint-Fran\u00e7ois.<\/p>\n<p style=\"text-align: justify;\">A travers un nouveau projet, une nouvelle \u00e9quipe, nous vous accueillerons dans le bien-\u00eatre et la convivialit\u00e9 pour vous faire d\u00e9couvrir l\u2019art de vivre Ajaccien.<\/p>\n<p style=\"text-align: justify;\">Revenons aux choses essentielles, aux bons souvenirs \u2026 Bref \u00e0 la simplicit\u00e9.<\/p>\n<p>[\/vc_column_text][\/vc_column_inner][vc_column_inner width=&#8221;1\/3&#8243; offset=&#8221;vc_hidden-lg&#8221;][\/vc_column_inner][\/vc_row_inner][vc_row_inner][vc_column_inner width=&#8221;1\/3&#8243; css=&#8221;.vc_custom_1643639227829{margin-left: 40px !important;padding-right: 70px !important;background-color: #87987f !important;}&#8221; offset=&#8221;vc_hidden-md vc_hidden-sm vc_hidden-xs&#8221;][vc_column_text]<\/p>\n<p style=\"text-align: left; color: #ffffff;\">In the heart of the historic city centre, just opposite the Ajaccio market.<\/p>\n<p style=\"text-align: left; color: #ffffff;\">The H\u00f4tel du Golfe offers you an exceptional location, with a sea view onto the old port Tino Rossi. Discover the city on foot and visit the Fesch Museum, the Bonaparte House,<br \/>\nthe citadel and you are just 2 minutes from the beach of Saint-Fran\u00e7ois.<\/p>\n<p style=\"text-align: left; color: #ffffff;\">With a new project and a new team, we will welcome you in the comfort and conviviality so that you may discover the Ajaccio art of living.<\/p>\n<p style=\"text-align: left; color: #ffffff;\">Let&#8217;s go back to the essential things, to good memories&#8230; In short, to simplicity.<\/p>\n<p>[\/vc_column_text][\/vc_column_inner][vc_column_inner width=&#8221;2\/3&#8243; css=&#8221;.vc_custom_1643639238179{margin-top: -60px !important;margin-left: -40px !important;}&#8221; offset=&#8221;vc_hidden-md vc_hidden-sm vc_hidden-xs&#8221;][vc_single_image image=&#8221;49&#8243; img_size=&#8221;1000X450&#8243; alignment=&#8221;center&#8221;][\/vc_column_inner][\/vc_row_inner]<div class=\"ult-spacer spacer-69e2f9a366261\" data-id=\"69e2f9a366261\" data-height=\"60\" data-height-mobile=\"20\" data-height-tab=\"20\" data-height-tab-portrait=\"20\" data-height-mobile-landscape=\"20\" style=\"clear:both;display:block;\"><\/div>[vc_custom_heading text=&#8221;The reasons for choosing l&#8217;H\u00f4tel du Golfe<br \/>\nfor your stay in Ajaccio&#8221; font_container=&#8221;tag:h3|text_align:center|color:%238d6c1b&#8221; use_theme_fonts=&#8221;yes&#8221;]<div class=\"ult-spacer spacer-69e2f9a366274\" data-id=\"69e2f9a366274\" data-height=\"40\" data-height-mobile=\"40\" data-height-tab=\"40\" data-height-tab-portrait=\"\" data-height-mobile-landscape=\"\" style=\"clear:both;display:block;\"><\/div>[\/vc_column][\/vc_row][vc_row full_width=&#8221;stretch_row_content&#8221; equal_height=&#8221;yes&#8221; content_placement=&#8221;middle&#8221; css=&#8221;.vc_custom_1644416202696{border-radius: 35px !important;}&#8221;][vc_column width=&#8221;1\/6&#8243;][vc_cta h2=&#8221;&#8221; txt_align=&#8221;center&#8221; shape=&#8221;round&#8221; style=&#8221;custom&#8221; custom_background=&#8221;#87987f&#8221; custom_text=&#8221;#ffffff&#8221;]<\/p>\n<p style=\"color: #ffffff; text-align: center;\">A hotel in the heart of Ajaccio, close to the beaches and the \u00celes Sanguinaires<\/p>\n<p>[\/vc_cta][\/vc_column][vc_column width=&#8221;1\/6&#8243;][vc_cta h2=&#8221;&#8221; txt_align=&#8221;center&#8221; shape=&#8221;round&#8221; style=&#8221;custom&#8221; custom_background=&#8221;#caa294&#8243; custom_text=&#8221;#ffffff&#8221;]<\/p>\n<p style=\"text-align: center; color: #ffffff;\">Ajaccio\u2019s Campinchi marketplace with its local producers opposite the hotel<\/p>\n<p>[\/vc_cta][\/vc_column][vc_column width=&#8221;1\/6&#8243;][vc_cta h2=&#8221;&#8221; txt_align=&#8221;center&#8221; shape=&#8221;round&#8221; style=&#8221;custom&#8221; custom_background=&#8221;#87987f&#8221; custom_text=&#8221;#ffffff&#8221;]<\/p>\n<p style=\"color: #ffffff; text-align: center;\">Most rooms have a view over the bay of Ajaccio and the mountains<\/p>\n<p>[\/vc_cta][\/vc_column][vc_column width=&#8221;1\/6&#8243;][vc_cta h2=&#8221;&#8221; txt_align=&#8221;center&#8221; shape=&#8221;round&#8221; style=&#8221;custom&#8221; custom_background=&#8221;#caa294&#8243; custom_text=&#8221;#ffffff&#8221;]<\/p>\n<p style=\"color: #ffffff; text-align: center;\">Fesch Museum, Bonaparte House and the Citadel are all within a 2 mins walk<\/p>\n<p>[\/vc_cta][\/vc_column][vc_column width=&#8221;1\/6&#8243;][vc_cta h2=&#8221;&#8221; txt_align=&#8221;center&#8221; shape=&#8221;round&#8221; style=&#8221;custom&#8221; custom_background=&#8221;#87987f&#8221; custom_text=&#8221;#ffffff&#8221;]<\/p>\n<p style=\"color: #ffffff; text-align: center;\">The immediate proximity of the port and ferries to the mainland<\/p>\n<p>[\/vc_cta][\/vc_column][vc_column width=&#8221;1\/6&#8243;][vc_cta h2=&#8221;&#8221; txt_align=&#8221;center&#8221; shape=&#8221;round&#8221; style=&#8221;custom&#8221; custom_background=&#8221;#caa294&#8243; custom_text=&#8221;#ffffff&#8221;]<\/p>\n<p style=\"color: #ffffff; text-align: center;\">For your business trips, the congress centre and its car park are opposite the hotel<\/p>\n<p>[\/vc_cta][\/vc_column][\/vc_row][vc_row][vc_column]<div class=\"ult-spacer spacer-69e2f9a366287\" data-id=\"69e2f9a366287\" data-height=\"40\" data-height-mobile=\"40\" data-height-tab=\"40\" data-height-tab-portrait=\"\" data-height-mobile-landscape=\"\" style=\"clear:both;display:block;\"><\/div>[vc_custom_heading text=&#8221;Good to know&#8221; font_container=&#8221;tag:h3|text_align:center|color:%238d6c1b&#8221; use_theme_fonts=&#8221;yes&#8221;]<div class=\"ult-spacer spacer-69e2f9a36629d\" data-id=\"69e2f9a36629d\" data-height=\"20\" data-height-mobile=\"20\" data-height-tab=\"20\" data-height-tab-portrait=\"\" data-height-mobile-landscape=\"\" style=\"clear:both;display:block;\"><\/div>[vc_tabs interval=&#8221;0&#8243; style=&#8221;tab-style-two&#8221;][vc_tab title=&#8221;Arrival\/Departure&#8221; tab_id=&#8221;1670926092983-7-8&#8243;][vc_column_text]<\/p>\n<ul>\n<li>Check-in starts at 3 PM. Your luggage will be held until you get the keys.<\/li>\n<li>Check-out is at 11 AM. We can keep your luggage until your departure<\/li>\n<li>You can park in front of the hotel to load or unload luggages.<\/li>\n<\/ul>\n<p>[\/vc_column_text][\/vc_tab][vc_tab title=&#8221;Parking\/charging stations&#8221; tab_id=&#8221;acdf4e7f-25ca-1&#8243;][vc_column_text css=&#8221;&#8221;]<\/p>\n<ul>\n<li>Car: The nearest municipal parking is 100 meters from the hotel (subject to availability).<\/li>\n<li>Motorbike: There are free parking spaces 20 meters from the hotel (subject to availability).<\/li>\n<li>Bicycle:\u00a0 Storage in a secured area within the establishment from 3.00 pm on the arrival day until 11.00 am the following morning: 15 euros per bike<\/li>\n<\/ul>\n<p><strong>The nearest charging points for electric vehicles are located:<\/strong><\/p>\n<ul>\n<li>In front of the Ajaccio city hall, 150 meters from the hotel on avenue Serafini<\/li>\n<li>Parking Diamant, 300 meters from the hotel on avenue Eug\u00e8ne Macchini<\/li>\n<li>Parking de l&#8217;Amiraut\u00e9, 1 boulevard Charles Bonaparte, 500 meters away<\/li>\n<\/ul>\n<p>[\/vc_column_text][\/vc_tab][vc_tab title=&#8221;Airport transport&#8221; tab_id=&#8221;1670926085957-2-0&#8243;][vc_column_text css=&#8221;&#8221;]<\/p>\n<ul>\n<li>Taxi at the airport or to be booked at 04 95 101 901 or at the reception before departure<\/li>\n<li>Bus (Line 8) to the airport and to the train station located 10 minutes by foot from the hotel.<\/li>\n<\/ul>\n<p>[\/vc_column_text][\/vc_tab][vc_tab title=&#8221;Pets&#8221; tab_id=&#8221;1670926087008-3-0&#8243;][vc_column_text]<\/p>\n<ul>\n<li>We accept cats and dogs and they must be kept on a leash in the public areas of the hotel<\/li>\n<li>We charge \u20ac 10 per pet per night..<\/li>\n<\/ul>\n<p>[\/vc_column_text][\/vc_tab][vc_tab title=&#8221;The Market&#8221; tab_id=&#8221;1670926087736-4-8&#8243;][vc_column_text]The market is located 20 metres from the hotel and is open every morning from around 6:30 AM to 00:30.PM[\/vc_column_text][\/vc_tab][vc_tab title=&#8221;Beaches&#8221; tab_id=&#8221;1670926090214-5-1&#8243;][vc_column_text]<\/p>\n<ul>\n<li>The beach \u00a0\u00ab\u00a0Saint Fran\u00e7ois\u00a0\u00bb 10 minutes by foot<\/li>\n<li>The beautiful beaches of the \u00ab\u00a0route des \u00eeles sanguinaires\u00a0\u00bb can be reached by bus (line 5)<\/li>\n<li>We can rent you beach towels or parasols at the hotel reception.<\/li>\n<\/ul>\n<p>[\/vc_column_text][\/vc_tab][vc_tab title=&#8221;Breakfast&#8221; tab_id=&#8221;1670926091533-6-8&#8243;][vc_column_text css=&#8221;&#8221;]<\/p>\n<ul>\n<li>Buffet breakfast: From 7:00 AM to and 9:30 AM (pastries, local products, fruit, dairy products)<\/li>\n<\/ul>\n<p>[\/vc_column_text][\/vc_tab][vc_tab title=&#8221;Tourist office&#8221; tab_id=&#8221;1670926094099-8-2&#8243;][vc_column_text css=&#8221;&#8221;]It is located 50 metres from the hotel.[\/vc_column_text][\/vc_tab][\/vc_tabs][\/vc_column][\/vc_row][vc_row][vc_column]<div class=\"ult-spacer spacer-69e2f9a3662ad\" data-id=\"69e2f9a3662ad\" data-height=\"40\" data-height-mobile=\"40\" data-height-tab=\"40\" data-height-tab-portrait=\"\" data-height-mobile-landscape=\"\" style=\"clear:both;display:block;\"><\/div>[vc_custom_heading text=&#8221;You can locate the hotel in the very center of Ajaccio&#8221; font_container=&#8221;tag:h3|text_align:center|color:%238d6c1b&#8221; use_theme_fonts=&#8221;yes&#8221;]<div class=\"ult-spacer spacer-69e2f9a3662ca\" data-id=\"69e2f9a3662ca\" data-height=\"20\" data-height-mobile=\"20\" data-height-tab=\"20\" data-height-tab-portrait=\"\" data-height-mobile-landscape=\"\" style=\"clear:both;display:block;\"><\/div><div class=\"ult-spacer spacer-69e2f9a3662d9\" data-id=\"69e2f9a3662d9\" data-height=\"40\" data-height-mobile=\"40\" data-height-tab=\"40\" data-height-tab-portrait=\"\" data-height-mobile-landscape=\"\" style=\"clear:both;display:block;\"><\/div>[\/vc_column][\/vc_row]<\/p>\n<\/div>","protected":false},"excerpt":{"rendered":"<p>[vc_row full_width=&#8221;stretch_row_content&#8221;][vc_column][vc_custom_heading text=&#8221;The benefits of booking online on our website&#8230;&#8221; font_container=&#8221;tag:h3|text_align:center|color:%238d6c1b&#8221; use_theme_fonts=&#8221;yes&#8221;][vc_row_inner][vc_column_inner width=&#8221;1\/5&#8243;][vc_cta h2=&#8221;&#8221; txt_align=&#8221;center&#8221; shape=&#8221;round&#8221; style=&#8221;custom&#8221; custom_background=&#8221;#87987f&#8221; custom_text=&#8221;#ffffff&#8221;] More flexible conditions [\/vc_cta][\/vc_column_inner][vc_column_inner width=&#8221;1\/5&#8243;][vc_cta h2=&#8221;&#8221; txt_align=&#8221;center&#8221; shape=&#8221;round&#8221; style=&#8221;custom&#8221; custom_background=&#8221;#caa294&#8243; custom_text=&#8221;#ffffff&#8221;] Get always the best price on the website [\/vc_cta][\/vc_column_inner][vc_column_inner width=&#8221;1\/5&#8243;][vc_cta h2=&#8221;&#8221; txt_align=&#8221;center&#8221; shape=&#8221;round&#8221; style=&#8221;custom&#8221; custom_background=&#8221;#87987f&#8221; custom_text=&#8221;#ffffff&#8221;] 15% discount on buffet breakfast [\/vc_cta][\/vc_column_inner][vc_column_inner width=&#8221;1\/5&#8243;][vc_cta h2=&#8221;&#8221; txt_align=&#8221;center&#8221;&hellip;<\/p>\n","protected":false},"author":1,"featured_media":0,"parent":0,"menu_order":0,"comment_status":"closed","ping_status":"open","template":"","meta":{"footnotes":""},"class_list":["post-577","page","type-page","status-publish","hentry","description-off"],"aioseo_notices":[],"_links":{"self":[{"href":"https:\/\/hoteldugolfe.com\/en\/wp-json\/wp\/v2\/pages\/577","targetHints":{"allow":["GET"]}}],"collection":[{"href":"https:\/\/hoteldugolfe.com\/en\/wp-json\/wp\/v2\/pages"}],"about":[{"href":"https:\/\/hoteldugolfe.com\/en\/wp-json\/wp\/v2\/types\/page"}],"author":[{"embeddable":true,"href":"https:\/\/hoteldugolfe.com\/en\/wp-json\/wp\/v2\/users\/1"}],"replies":[{"embeddable":true,"href":"https:\/\/hoteldugolfe.com\/en\/wp-json\/wp\/v2\/comments?post=577"}],"version-history":[{"count":32,"href":"https:\/\/hoteldugolfe.com\/en\/wp-json\/wp\/v2\/pages\/577\/revisions"}],"predecessor-version":[{"id":978,"href":"https:\/\/hoteldugolfe.com\/en\/wp-json\/wp\/v2\/pages\/577\/revisions\/978"}],"wp:attachment":[{"href":"https:\/\/hoteldugolfe.com\/en\/wp-json\/wp\/v2\/media?parent=577"}],"curies":[{"name":"wp","href":"https:\/\/api.w.org\/{rel}","templated":true}]}}